{"id":45,"date":"2017-11-04T23:06:52","date_gmt":"2017-11-04T23:06:52","guid":{"rendered":"http:\/\/www.adlibitum.pt\/leadvoices\/?page_id=45"},"modified":"2017-11-05T00:15:37","modified_gmt":"2017-11-05T00:15:37","slug":"historial","status":"publish","type":"page","link":"http:\/\/www.adlibitum.pt\/leadvoices\/historial\/","title":{"rendered":"Historial"},"content":{"rendered":"<p>O <strong>LEAD VOICES<\/strong> \u00e9 constitu\u00eddo por um grupo vocal, solistas e banda musical, com um repert\u00f3rio baseado em temas internacionais conhecidos do grande p\u00fablico, nos estilos Pop, Soul e Jazz.<\/p>\n<p>O grupo optou por arranjos musicais pr\u00f3prios, o que lhe confere uma identidade singular e exclusiva.<\/p>\n<p>O termo ingl\u00eas Lead Voice significa a voz que lidera uma m\u00fasica, frequentemente o solista. LEAD VOICES simboliza para os seus elementos uma lideran\u00e7a partilhada nas diversas vertentes da sua atividade, \u00e0 imagem da cultura da associa\u00e7\u00e3o onde est\u00e3o integrados.<\/p>\n<p>Os fundadores do LEAD VOICES s\u00e3o oriundos de um grupo da Companhia de Artes Ad Libitum que funcionou entre 2012 e 2013, tendo regressado em 2015 para este novo projeto, com um espectro musical mais alargado e adequado aos gostos musicais dos seus integrantes.<\/p>\n<p>A sua estreia oficial aconteceu no m\u00eas de Junho de 2015 na cidade de Coimbra, tendo entretanto realizado v\u00e1rios concertos na regi\u00e3o.<\/p>\n<p>Correspondendo \u00e0 diversidade dos estilos musicais do seu repert\u00f3rio, \u00e0 polival\u00eancia art\u00edstica dos seus elementos e \u00e0s necessidades dos produtores dos seus concertos, o LEAD VOICES apresenta-se em palco em m\u00faltiplas forma\u00e7\u00f5es musicais.<\/p>\n<p>A dire\u00e7\u00e3o art\u00edstica do grupo est\u00e1 a cargo de Berta Leit\u00e3o e Francisco Saldanha.<\/p>\n","protected":false},"excerpt":{"rendered":"<p>O LEAD VOICES \u00e9 constitu\u00eddo por um grupo vocal, solistas e banda musical, com um repert\u00f3rio baseado em temas internacionais conhecidos do grande p\u00fablico, nos estilos Pop, Soul e Jazz. O grupo optou por arranjos musicais pr\u00f3prios, o que lhe confere uma identidade singular e exclusiva. O termo ingl\u00eas Lead Voice significa a voz que &hellip; <\/p>\n<p class=\"link-more\"><a href=\"http:\/\/www.adlibitum.pt\/leadvoices\/historial\/\" class=\"more-link\">Continuar a ler <span class=\"screen-reader-text\">&#8220;Historial&#8221;<\/span><\/a><\/p>\n","protected":false},"author":1,"featured_media":0,"parent":0,"menu_order":0,"comment_status":"closed","ping_status":"closed","template":"","meta":[],"_links":{"self":[{"href":"http:\/\/www.adlibitum.pt\/leadvoices\/wp-json\/wp\/v2\/pages\/45"}],"collection":[{"href":"http:\/\/www.adlibitum.pt\/leadvoices\/wp-json\/wp\/v2\/pages"}],"about":[{"href":"http:\/\/www.adlibitum.pt\/leadvoices\/wp-json\/wp\/v2\/types\/page"}],"author":[{"embeddable":true,"href":"http:\/\/www.adlibitum.pt\/leadvoices\/wp-json\/wp\/v2\/users\/1"}],"replies":[{"embeddable":true,"href":"http:\/\/www.adlibitum.pt\/leadvoices\/wp-json\/wp\/v2\/comments?post=45"}],"version-history":[{"count":2,"href":"http:\/\/www.adlibitum.pt\/leadvoices\/wp-json\/wp\/v2\/pages\/45\/revisions"}],"predecessor-version":[{"id":56,"href":"http:\/\/www.adlibitum.pt\/leadvoices\/wp-json\/wp\/v2\/pages\/45\/revisions\/56"}],"wp:attachment":[{"href":"http:\/\/www.adlibitum.pt\/leadvoices\/wp-json\/wp\/v2\/media?parent=45"}],"curies":[{"name":"wp","href":"https:\/\/api.w.org\/{rel}","templated":true}]}}