{"id":7,"date":"2017-11-04T10:59:43","date_gmt":"2017-11-04T10:59:43","guid":{"rendered":"http:\/\/www.adlibitum.pt\/leadvoices\/?page_id=7"},"modified":"2017-11-05T00:13:11","modified_gmt":"2017-11-05T00:13:11","slug":"inicio","status":"publish","type":"page","link":"http:\/\/www.adlibitum.pt\/leadvoices\/","title":{"rendered":"In\u00edcio"},"content":{"rendered":"<p>Bem-vindo ao site oficial do <strong>LEAD VOICES<\/strong>! Aqui poder\u00e1 encontrar toda a informa\u00e7\u00e3o sobre o nosso grupo musical, o seu historial, diretores art\u00edsticos, repert\u00f3rio, concertos, v\u00eddeos, fotos, not\u00edcias, contactos para concertos, etc.<\/p>\n","protected":false},"excerpt":{"rendered":"<p>Bem-vindo ao site oficial do LEAD VOICES! Aqui poder\u00e1 encontrar toda a informa\u00e7\u00e3o sobre o nosso grupo musical, o seu historial, diretores art\u00edsticos, repert\u00f3rio, concertos, v\u00eddeos, fotos, not\u00edcias, contactos para concertos, etc.<\/p>\n","protected":false},"author":1,"featured_media":0,"parent":0,"menu_order":0,"comment_status":"closed","ping_status":"closed","template":"","meta":[],"_links":{"self":[{"href":"http:\/\/www.adlibitum.pt\/leadvoices\/wp-json\/wp\/v2\/pages\/7"}],"collection":[{"href":"http:\/\/www.adlibitum.pt\/leadvoices\/wp-json\/wp\/v2\/pages"}],"about":[{"href":"http:\/\/www.adlibitum.pt\/leadvoices\/wp-json\/wp\/v2\/types\/page"}],"author":[{"embeddable":true,"href":"http:\/\/www.adlibitum.pt\/leadvoices\/wp-json\/wp\/v2\/users\/1"}],"replies":[{"embeddable":true,"href":"http:\/\/www.adlibitum.pt\/leadvoices\/wp-json\/wp\/v2\/comments?post=7"}],"version-history":[{"count":5,"href":"http:\/\/www.adlibitum.pt\/leadvoices\/wp-json\/wp\/v2\/pages\/7\/revisions"}],"predecessor-version":[{"id":55,"href":"http:\/\/www.adlibitum.pt\/leadvoices\/wp-json\/wp\/v2\/pages\/7\/revisions\/55"}],"wp:attachment":[{"href":"http:\/\/www.adlibitum.pt\/leadvoices\/wp-json\/wp\/v2\/media?parent=7"}],"curies":[{"name":"wp","href":"https:\/\/api.w.org\/{rel}","templated":true}]}}